{"id":380,"date":"2017-06-29T18:22:11","date_gmt":"2017-06-29T21:22:11","guid":{"rendered":"http:\/\/www.louprestaurante.com.br\/?page_id=380"},"modified":"2018-05-15T11:07:02","modified_gmt":"2018-05-15T14:07:02","slug":"na-midia","status":"publish","type":"page","link":"http:\/\/www.louprestaurante.com.br\/?page_id=380","title":{"rendered":"NA M\u00cdDIA"},"content":{"rendered":"<p>[et_pb_section bb_built=&#8221;1&#8243; admin_label=&#8221;section&#8221; _builder_version=&#8221;3.0.51&#8243; background_color=&#8221;#f3ead8&#8243; transparent_background=&#8221;on&#8221;][et_pb_row admin_label=&#8221;Linha&#8221; _builder_version=&#8221;3.0.51&#8243; background_color=&#8221;#f3ead8&#8243; background_position_1=&#8221;top_left&#8221; background_repeat_1=&#8221;no-repeat&#8221; background_position_2=&#8221;top_left&#8221; background_repeat_2=&#8221;no-repeat&#8221; background_position_3=&#8221;top_left&#8221; background_repeat_3=&#8221;no-repeat&#8221; background_position_4=&#8221;top_left&#8221; background_repeat_4=&#8221;no-repeat&#8221; custom_padding=&#8221;|20px|40px|20px&#8221;][et_pb_column type=&#8221;1_4&#8243;][et_pb_text admin_label=&#8221;Texto&#8221; _builder_version=&#8221;3.0.51&#8243; background_layout=&#8221;light&#8221; text_orientation=&#8221;left&#8221; text_font=&#8221;Montserrat|on|||&#8221; text_font_size=&#8221;12&#8243; border_style=&#8221;solid&#8221; custom_margin=&#8221;||-1px|&#8221;]<\/p>\n<p>Paladar 02\/02\/2017<\/p>\n<p>[\/et_pb_text][et_pb_image admin_label=&#8221;Imagem&#8221; _builder_version=&#8221;3.0.51&#8243; src=&#8221;http:\/\/www.louprestaurante.com.br\/wp-content\/uploads\/2017\/06\/02fev2017_OEstadoDeSPaulo__CadernoPaladar.jpg&#8221; show_in_lightbox=&#8221;on&#8221; url_new_window=&#8221;off&#8221; use_overlay=&#8221;off&#8221; sticky=&#8221;off&#8221; align=&#8221;left&#8221; always_center_on_mobile=&#8221;on&#8221; border_style=&#8221;solid&#8221; force_fullwidth=&#8221;off&#8221; animation=&#8221;off&#8221; \/][\/et_pb_column][et_pb_column type=&#8221;1_4&#8243;][et_pb_text admin_label=&#8221;Texto&#8221; _builder_version=&#8221;3.0.51&#8243; background_layout=&#8221;light&#8221; text_orientation=&#8221;left&#8221; text_font=&#8221;Montserrat|on|||&#8221; text_font_size=&#8221;12&#8243; border_style=&#8221;solid&#8221; custom_margin=&#8221;||-1px|&#8221;]<\/p>\n<p>Guia do Estad\u00e3o 17\/04\/2017<\/p>\n<p>[\/et_pb_text][et_pb_image admin_label=&#8221;Imagem&#8221; _builder_version=&#8221;3.0.51&#8243; src=&#8221;http:\/\/www.louprestaurante.com.br\/wp-content\/uploads\/2017\/06\/07abr2017_OEstadoDeSPaulo-Divirta-se-Gastronomia.jpg&#8221; show_in_lightbox=&#8221;on&#8221; url_new_window=&#8221;off&#8221; use_overlay=&#8221;off&#8221; sticky=&#8221;off&#8221; align=&#8221;left&#8221; always_center_on_mobile=&#8221;on&#8221; border_style=&#8221;solid&#8221; force_fullwidth=&#8221;off&#8221; animation=&#8221;off&#8221; \/][\/et_pb_column][et_pb_column type=&#8221;1_4&#8243;][et_pb_text admin_label=&#8221;Texto&#8221; _builder_version=&#8221;3.0.51&#8243; background_layout=&#8221;light&#8221; text_orientation=&#8221;left&#8221; text_font=&#8221;Montserrat|on|||&#8221; text_font_size=&#8221;12&#8243; border_style=&#8221;solid&#8221; custom_margin=&#8221;||-1px|&#8221;]<\/p>\n<p>Veja S\u00e3o Paulo 19\/04\/2017<\/p>\n<p>[\/et_pb_text][et_pb_image admin_label=&#8221;Imagem&#8221; _builder_version=&#8221;3.0.51&#8243; src=&#8221;http:\/\/www.louprestaurante.com.br\/wp-content\/uploads\/2017\/06\/19abr2017_VejaS\u2206oPaulo-Critica.jpg&#8221; show_in_lightbox=&#8221;on&#8221; url_new_window=&#8221;off&#8221; use_overlay=&#8221;off&#8221; sticky=&#8221;off&#8221; align=&#8221;left&#8221; always_center_on_mobile=&#8221;on&#8221; border_style=&#8221;solid&#8221; force_fullwidth=&#8221;off&#8221; animation=&#8221;off&#8221; \/][\/et_pb_column][et_pb_column type=&#8221;1_4&#8243;][et_pb_text admin_label=&#8221;Texto&#8221; _builder_version=&#8221;3.0.51&#8243; background_layout=&#8221;light&#8221; text_orientation=&#8221;left&#8221; text_font=&#8221;Montserrat|on|||&#8221; text_font_size=&#8221;12&#8243; border_style=&#8221;solid&#8221; custom_margin=&#8221;||-1px|&#8221;]<\/p>\n<p>Prazeres da Mesa 09\/03\/2017<\/p>\n<p>[\/et_pb_text][et_pb_image admin_label=&#8221;Imagem&#8221; _builder_version=&#8221;3.0.51&#8243; src=&#8221;http:\/\/www.louprestaurante.com.br\/wp-content\/uploads\/2017\/06\/09Mar2017_PrazeresDaMesa_Site.jpg&#8221; show_in_lightbox=&#8221;on&#8221; url_new_window=&#8221;off&#8221; use_overlay=&#8221;off&#8221; sticky=&#8221;off&#8221; align=&#8221;left&#8221; always_center_on_mobile=&#8221;on&#8221; border_style=&#8221;solid&#8221; force_fullwidth=&#8221;off&#8221; animation=&#8221;off&#8221; \/][\/et_pb_column][\/et_pb_row][et_pb_row admin_label=&#8221;Linha&#8221; _builder_version=&#8221;3.0.51&#8243; background_color=&#8221;#f3ead8&#8243; background_position_1=&#8221;top_left&#8221; background_repeat_1=&#8221;no-repeat&#8221; background_position_2=&#8221;top_left&#8221; background_repeat_2=&#8221;no-repeat&#8221; background_position_3=&#8221;top_left&#8221; background_repeat_3=&#8221;no-repeat&#8221; background_position_4=&#8221;top_left&#8221; background_repeat_4=&#8221;no-repeat&#8221; custom_padding=&#8221;|20px|40px|20px&#8221;][et_pb_column type=&#8221;1_4&#8243;][et_pb_text admin_label=&#8221;Texto&#8221; _builder_version=&#8221;3.0.51&#8243; background_layout=&#8221;light&#8221; text_orientation=&#8221;left&#8221; border_style=&#8221;solid&#8221; text_font=&#8221;Montserrat|on|||&#8221; text_font_size=&#8221;12&#8243; custom_margin=&#8221;||-1px|&#8221;]<\/p>\n<p>Guia da Folha 31\/03\/2017<\/p>\n<p>[\/et_pb_text][et_pb_image admin_label=&#8221;Imagem&#8221; _builder_version=&#8221;3.0.51&#8243; src=&#8221;http:\/\/www.louprestaurante.com.br\/wp-content\/uploads\/2017\/06\/31Mar2017_GuiaFolha_Impresso.jpg&#8221; show_in_lightbox=&#8221;on&#8221; url_new_window=&#8221;off&#8221; use_overlay=&#8221;off&#8221; sticky=&#8221;off&#8221; align=&#8221;left&#8221; always_center_on_mobile=&#8221;on&#8221; border_style=&#8221;solid&#8221; force_fullwidth=&#8221;off&#8221; animation=&#8221;off&#8221; \/][\/et_pb_column][et_pb_column type=&#8221;1_4&#8243;][et_pb_text admin_label=&#8221;Texto&#8221; _builder_version=&#8221;3.0.51&#8243; background_layout=&#8221;light&#8221; text_orientation=&#8221;left&#8221; text_font=&#8221;Montserrat|on|||&#8221; text_font_size=&#8221;12&#8243; border_style=&#8221;solid&#8221; custom_margin=&#8221;||-1px|&#8221;]<\/p>\n<p>Taste and Fly 20\/05\/2017<\/p>\n<p>[\/et_pb_text][et_pb_image admin_label=&#8221;Imagem&#8221; _builder_version=&#8221;3.0.51&#8243; src=&#8221;http:\/\/www.louprestaurante.com.br\/wp-content\/uploads\/2017\/06\/20mai2017_TasteandFly.jpg&#8221; show_in_lightbox=&#8221;on&#8221; url_new_window=&#8221;off&#8221; use_overlay=&#8221;off&#8221; sticky=&#8221;off&#8221; align=&#8221;left&#8221; always_center_on_mobile=&#8221;on&#8221; border_style=&#8221;solid&#8221; force_fullwidth=&#8221;off&#8221; animation=&#8221;off&#8221; \/][\/et_pb_column][et_pb_column type=&#8221;1_4&#8243;][et_pb_text admin_label=&#8221;Texto&#8221; _builder_version=&#8221;3.0.51&#8243; background_layout=&#8221;light&#8221; text_orientation=&#8221;left&#8221; text_font=&#8221;Montserrat|on|||&#8221; text_font_size=&#8221;12&#8243; border_style=&#8221;solid&#8221; custom_margin=&#8221;||-1px|&#8221;]<\/p>\n<p>Revista Elle 04\/2017<\/p>\n<p>[\/et_pb_text][et_pb_image admin_label=&#8221;Imagem&#8221; _builder_version=&#8221;3.0.51&#8243; src=&#8221;http:\/\/www.louprestaurante.com.br\/wp-content\/uploads\/2017\/06\/abr2017_RevistaElle.jpg&#8221; show_in_lightbox=&#8221;on&#8221; url_new_window=&#8221;off&#8221; use_overlay=&#8221;off&#8221; sticky=&#8221;off&#8221; align=&#8221;left&#8221; always_center_on_mobile=&#8221;on&#8221; border_style=&#8221;solid&#8221; force_fullwidth=&#8221;off&#8221; animation=&#8221;off&#8221; \/][\/et_pb_column][et_pb_column type=&#8221;1_4&#8243;][et_pb_text admin_label=&#8221;Texto&#8221; _builder_version=&#8221;3.0.51&#8243; background_layout=&#8221;light&#8221; text_orientation=&#8221;left&#8221; text_font=&#8221;Montserrat|on|||&#8221; text_font_size=&#8221;12&#8243; border_style=&#8221;solid&#8221; custom_margin=&#8221;||-1px|&#8221;]<\/p>\n<p>Revista Casa e Comida 04\/2017<\/p>\n<p>[\/et_pb_text][et_pb_image admin_label=&#8221;Imagem&#8221; _builder_version=&#8221;3.0.51&#8243; src=&#8221;http:\/\/www.louprestaurante.com.br\/wp-content\/uploads\/2017\/06\/abr2017_RevistaCasaEComida.jpg&#8221; show_in_lightbox=&#8221;on&#8221; url_new_window=&#8221;off&#8221; use_overlay=&#8221;off&#8221; sticky=&#8221;off&#8221; align=&#8221;left&#8221; always_center_on_mobile=&#8221;on&#8221; border_style=&#8221;solid&#8221; force_fullwidth=&#8221;off&#8221; animation=&#8221;off&#8221; \/][\/et_pb_column][\/et_pb_row][et_pb_row admin_label=&#8221;Linha&#8221; _builder_version=&#8221;3.0.51&#8243; background_color=&#8221;#f3ead8&#8243; background_position_1=&#8221;top_left&#8221; background_repeat_1=&#8221;no-repeat&#8221; background_position_2=&#8221;top_left&#8221; background_repeat_2=&#8221;no-repeat&#8221; background_position_3=&#8221;top_left&#8221; background_repeat_3=&#8221;no-repeat&#8221; background_position_4=&#8221;top_left&#8221; background_repeat_4=&#8221;no-repeat&#8221; custom_padding=&#8221;|20px||20px&#8221;][et_pb_column type=&#8221;1_4&#8243;][\/et_pb_column][et_pb_column type=&#8221;1_4&#8243;][et_pb_text admin_label=&#8221;Texto&#8221; _builder_version=&#8221;3.0.51&#8243; background_layout=&#8221;light&#8221; text_orientation=&#8221;left&#8221; text_font=&#8221;Montserrat|on|||&#8221; text_font_size=&#8221;12&#8243; border_style=&#8221;solid&#8221; custom_margin=&#8221;||-1px|&#8221;]<\/p>\n<p>Revista Marie Claire 04\/2017<\/p>\n<p>[\/et_pb_text][et_pb_image admin_label=&#8221;Imagem&#8221; _builder_version=&#8221;3.0.51&#8243; src=&#8221;http:\/\/www.louprestaurante.com.br\/wp-content\/uploads\/2017\/06\/Abril2017_RevistaMarieClaire_Impresso.jpg&#8221; show_in_lightbox=&#8221;on&#8221; url_new_window=&#8221;off&#8221; use_overlay=&#8221;off&#8221; sticky=&#8221;off&#8221; align=&#8221;left&#8221; always_center_on_mobile=&#8221;on&#8221; border_style=&#8221;solid&#8221; force_fullwidth=&#8221;off&#8221; animation=&#8221;off&#8221; \/][\/et_pb_column][et_pb_column type=&#8221;1_4&#8243;][et_pb_text admin_label=&#8221;Texto&#8221; _builder_version=&#8221;3.0.51&#8243; background_layout=&#8221;light&#8221; text_orientation=&#8221;left&#8221; text_font=&#8221;Montserrat|on|||&#8221; text_font_size=&#8221;12&#8243; border_style=&#8221;solid&#8221; custom_margin=&#8221;||-1px|&#8221;]<\/p>\n<p>Revista Vogue 04\/2017<\/p>\n<p>[\/et_pb_text][et_pb_image admin_label=&#8221;Imagem&#8221; _builder_version=&#8221;3.0.51&#8243; src=&#8221;http:\/\/www.louprestaurante.com.br\/wp-content\/uploads\/2017\/06\/abr2017_Vogue_LivingGastronomia.jpg&#8221; show_in_lightbox=&#8221;on&#8221; url_new_window=&#8221;off&#8221; use_overlay=&#8221;off&#8221; sticky=&#8221;off&#8221; align=&#8221;left&#8221; always_center_on_mobile=&#8221;on&#8221; border_style=&#8221;solid&#8221; force_fullwidth=&#8221;off&#8221; animation=&#8221;off&#8221; \/][\/et_pb_column][et_pb_column type=&#8221;1_4&#8243;][\/et_pb_column][\/et_pb_row][\/et_pb_section][et_pb_section bb_built=&#8221;1&#8243; admin_label=&#8221;Se\u00e7\u00e3o&#8221; fullwidth=&#8221;off&#8221; specialty=&#8221;off&#8221; _builder_version=&#8221;3.0.51&#8243; background_color=&#8221;#8f9497&#8243; custom_padding=&#8221;0px||0px|&#8221; custom_padding_last_edited=&#8221;on|desktop&#8221; global_module=&#8221;611&#8243;][et_pb_row admin_label=&#8221;Linha&#8221; global_parent=&#8221;611&#8243; background_position=&#8221;top_left&#8221; background_repeat=&#8221;repeat&#8221; background_size=&#8221;initial&#8221; _builder_version=&#8221;3.0.51&#8243; background_position_1=&#8221;top_left&#8221; background_repeat_1=&#8221;no-repeat&#8221; background_position_2=&#8221;top_left&#8221; background_repeat_2=&#8221;no-repeat&#8221;][et_pb_column type=&#8221;1_3&#8243;][et_pb_text admin_label=&#8221;endere\u00e7o&#8221; global_parent=&#8221;611&#8243; _builder_version=&#8221;3.0.51&#8243; background_layout=&#8221;light&#8221; text_orientation=&#8221;left&#8221; text_font_size=&#8221;13&#8243; text_text_color=&#8221;#4f4f4f&#8221; text_line_height=&#8221;1.2em&#8221; border_style=&#8221;solid&#8221;]<\/p>\n<p><a href=\"http:\/\/www.louprestaurante.com.br\/wp-content\/uploads\/2017\/06\/Logo_Rodape_OK.png\"><img decoding=\"async\" loading=\"lazy\" class=\"alignnone size-full wp-image-473\" src=\"http:\/\/www.louprestaurante.com.br\/wp-content\/uploads\/2017\/06\/Logo_Rodape_OK.png\" alt=\"\" width=\"113\" height=\"33\" \/><\/a><\/p>\n<p>R. Dr. M\u00e1rio Ferraz, 528 \u00a0&#8211; \u00a0Jardim Paulistano<\/p>\n<p>Cep: 01453-011 \u00a0&#8211; \u00a0S\u00e3o Paulo &#8211; SP &#8211; Brasil<\/p>\n<p>11 3078-1089 \u00a0| \u00a03078-0484<\/p>\n<p>Capacidade: 110 lugares<\/p>\n<p>[\/et_pb_text][et_pb_button admin_label=&#8221;Bot\u00e3o&#8221; global_parent=&#8221;611&#8243; _builder_version=&#8221;3.0.51&#8243; button_text=&#8221;VEJA O MAPA&#8221; button_url=&#8221;https:\/\/www.google.com.br\/maps\/place\/R.+Dr.+Mario+Ferraz,+528+-+Jardim+Paulistano,+S\u00e3o+Paulo+-+SP,+01453-011\/@-23.5850283,-46.6874428,17z\/data=!3m1!4b1!4m5!3m4!1s0x94ce5741feedad13:0x30215b101c62eb6e!8m2!3d-23.5850283!4d-46.6852541&#8243; url_new_window=&#8221;on&#8221; button_alignment=&#8221;left&#8221; background_layout=&#8221;light&#8221; custom_button=&#8221;on&#8221; button_text_size=&#8221;12&#8243; button_text_color=&#8221;#666666&#8243; button_bg_color=&#8221;#a8a8a8&#8243; button_border_color=&#8221;#adadad&#8221; button_letter_spacing=&#8221;0&#8243; button_icon_placement=&#8221;right&#8221; button_letter_spacing_hover=&#8221;0&#8243; \/][\/et_pb_column][et_pb_column type=&#8221;2_3&#8243;][et_pb_text admin_label=&#8221;Texto&#8221; global_parent=&#8221;611&#8243; _builder_version=&#8221;3.0.51&#8243; background_layout=&#8221;light&#8221; text_orientation=&#8221;left&#8221; text_font_size=&#8221;13&#8243; text_text_color=&#8221;#4f4f4f&#8221; text_line_height=&#8221;1.5em&#8221; border_style=&#8221;solid&#8221;]<\/p>\n<p>&nbsp;<\/p>\n<p><strong>Hor\u00e1rio de funcionamento<\/strong><\/p>\n<p><strong>Almo\u00e7o:<\/strong> Segunda a Quinta:\u00a012h00 \u00e0s 15h00 &#8211; \u00a0 Sexta: 12h00 \u00e0s 15h30 \u00a0&#8211; \u00a0Domingo: 12h00 \u00e0s 17h30<\/p>\n<p>S\u00e1bados: 13h00 \u00e0s 17h00 &#8211; 19h00 \u00e0 01h00<\/p>\n<p><strong>Jantar:<\/strong> Segunda a Quinta:\u00a019h00 \u00e0 00h00 \u00a0&#8211; \u00a0Sexta: 19h00 \u00e0 01h00<\/p>\n<p>Servi\u00e7o de Valet na porta<\/p>\n<p>&nbsp;<\/p>\n<p>[\/et_pb_text][\/et_pb_column][\/et_pb_row][\/et_pb_section]<\/p>\n","protected":false},"excerpt":{"rendered":"<p>Paladar 02\/02\/2017 Guia do Estad\u00e3o 17\/04\/2017 Veja S\u00e3o Paulo 19\/04\/2017 Prazeres da Mesa 09\/03\/2017 Guia da Folha 31\/03\/2017 Taste and Fly 20\/05\/2017 Revista Elle 04\/2017 Revista Casa e Comida 04\/2017 Revista Marie Claire 04\/2017 Revista Vogue 04\/2017 R. Dr. M\u00e1rio Ferraz, 528 \u00a0&#8211; \u00a0Jardim Paulistano Cep: 01453-011 \u00a0&#8211; \u00a0S\u00e3o Paulo &#8211; SP &#8211; Brasil 11 [&hellip;]<\/p>\n","protected":false},"author":1,"featured_media":0,"parent":0,"menu_order":0,"comment_status":"closed","ping_status":"closed","template":"","meta":{"_et_pb_use_builder":"on","_et_pb_old_content":"","_et_gb_content_width":""},"_links":{"self":[{"href":"http:\/\/www.louprestaurante.com.br\/index.php?rest_route=\/wp\/v2\/pages\/380"}],"collection":[{"href":"http:\/\/www.louprestaurante.com.br\/index.php?rest_route=\/wp\/v2\/pages"}],"about":[{"href":"http:\/\/www.louprestaurante.com.br\/index.php?rest_route=\/wp\/v2\/types\/page"}],"author":[{"embeddable":true,"href":"http:\/\/www.louprestaurante.com.br\/index.php?rest_route=\/wp\/v2\/users\/1"}],"replies":[{"embeddable":true,"href":"http:\/\/www.louprestaurante.com.br\/index.php?rest_route=%2Fwp%2Fv2%2Fcomments&post=380"}],"version-history":[{"count":17,"href":"http:\/\/www.louprestaurante.com.br\/index.php?rest_route=\/wp\/v2\/pages\/380\/revisions"}],"predecessor-version":[{"id":942,"href":"http:\/\/www.louprestaurante.com.br\/index.php?rest_route=\/wp\/v2\/pages\/380\/revisions\/942"}],"wp:attachment":[{"href":"http:\/\/www.louprestaurante.com.br\/index.php?rest_route=%2Fwp%2Fv2%2Fmedia&parent=380"}],"curies":[{"name":"wp","href":"https:\/\/api.w.org\/{rel}","templated":true}]}}